{"id":1291,"date":"2024-05-20T18:20:29","date_gmt":"2024-05-20T16:20:29","guid":{"rendered":"https:\/\/grupotimon.com\/contact\/"},"modified":"2025-01-21T16:28:04","modified_gmt":"2025-01-21T15:28:04","slug":"contact","status":"publish","type":"page","link":"https:\/\/grupotimon.com\/en\/contact\/","title":{"rendered":"Contact"},"content":{"rendered":"\t\t<div data-elementor-type=\"wp-page\" data-elementor-id=\"1291\" class=\"elementor elementor-1291 elementor-243\" data-elementor-post-type=\"page\">\n\t\t\t\t<div class=\"elementor-element elementor-element-87bfc8f e-con-full e-flex e-con e-parent\" data-id=\"87bfc8f\" data-element_type=\"container\" data-e-type=\"container\">\n\t\t\t\t<div class=\"elementor-element elementor-element-4503789 elementor-widget__width-inherit elementor-widget elementor-widget-image\" data-id=\"4503789\" data-element_type=\"widget\" data-e-type=\"widget\" data-widget_type=\"image.default\">\n\t\t\t\t<div class=\"elementor-widget-container\">\n\t\t\t\t\t\t\t\t\t\t\t\t\t\t\t<img fetchpriority=\"high\" decoding=\"async\" width=\"2543\" height=\"1191\" src=\"https:\/\/grupotimon.com\/wp-content\/uploads\/2024\/05\/Contact-hero-image.jpg\" class=\"attachment-full size-full wp-image-1248\" alt=\"\" srcset=\"https:\/\/grupotimon.com\/wp-content\/uploads\/2024\/05\/Contact-hero-image.jpg 2543w, https:\/\/grupotimon.com\/wp-content\/uploads\/2024\/05\/Contact-hero-image-300x141.jpg 300w, https:\/\/grupotimon.com\/wp-content\/uploads\/2024\/05\/Contact-hero-image-1024x480.jpg 1024w, https:\/\/grupotimon.com\/wp-content\/uploads\/2024\/05\/Contact-hero-image-768x360.jpg 768w, https:\/\/grupotimon.com\/wp-content\/uploads\/2024\/05\/Contact-hero-image-1536x719.jpg 1536w, https:\/\/grupotimon.com\/wp-content\/uploads\/2024\/05\/Contact-hero-image-2048x959.jpg 2048w\" sizes=\"(max-width: 2543px) 100vw, 2543px\" \/>\t\t\t\t\t\t\t\t\t\t\t\t\t\t\t<\/div>\n\t\t\t\t<\/div>\n\t\t\t\t<\/div>\n\t\t<div class=\"elementor-element elementor-element-2947c5f e-con-full e-flex e-con e-parent\" data-id=\"2947c5f\" data-element_type=\"container\" data-e-type=\"container\">\n\t\t<div class=\"elementor-element elementor-element-68000be e-con-full e-flex e-con e-child\" data-id=\"68000be\" data-element_type=\"container\" data-e-type=\"container\">\n\t\t\t\t<div class=\"elementor-element elementor-element-d4a9056 elementor-widget__width-inherit elementor-hidden-mobile elementor-widget elementor-widget-image\" data-id=\"d4a9056\" data-element_type=\"widget\" data-e-type=\"widget\" data-widget_type=\"image.default\">\n\t\t\t\t<div class=\"elementor-widget-container\">\n\t\t\t\t\t\t\t\t\t\t\t\t\t\t\t<img decoding=\"async\" width=\"768\" height=\"888\" src=\"https:\/\/grupotimon.com\/wp-content\/uploads\/2024\/05\/Flecha_contacto-1.png\" class=\"attachment-large size-large wp-image-1265\" alt=\"\" srcset=\"https:\/\/grupotimon.com\/wp-content\/uploads\/2024\/05\/Flecha_contacto-1.png 768w, https:\/\/grupotimon.com\/wp-content\/uploads\/2024\/05\/Flecha_contacto-1-259x300.png 259w\" sizes=\"(max-width: 768px) 100vw, 768px\" \/>\t\t\t\t\t\t\t\t\t\t\t\t\t\t\t<\/div>\n\t\t\t\t<\/div>\n\t\t\t\t<\/div>\n\t\t<div class=\"elementor-element elementor-element-66ae4ae e-con-full e-flex e-con e-child\" data-id=\"66ae4ae\" data-element_type=\"container\" data-e-type=\"container\">\n\t\t\t\t<div class=\"elementor-element elementor-element-3c30c5b elementor-widget elementor-widget-heading\" data-id=\"3c30c5b\" data-element_type=\"widget\" data-e-type=\"widget\" data-widget_type=\"heading.default\">\n\t\t\t\t<div class=\"elementor-widget-container\">\n\t\t\t\t\t<h2 class=\"elementor-heading-title elementor-size-default\">Contact<\/h2>\t\t\t\t<\/div>\n\t\t\t\t<\/div>\n\t\t\t\t<div class=\"elementor-element elementor-element-0d5bd6a elementor-widget elementor-widget-image\" data-id=\"0d5bd6a\" data-element_type=\"widget\" data-e-type=\"widget\" data-widget_type=\"image.default\">\n\t\t\t\t<div class=\"elementor-widget-container\">\n\t\t\t\t\t\t\t\t\t\t\t\t\t\t\t<img decoding=\"async\" width=\"167\" height=\"169\" src=\"https:\/\/grupotimon.com\/wp-content\/uploads\/2024\/05\/Chevron-Right-Grupo-Timon-Gris.svg\" class=\"attachment-large size-large wp-image-1234\" alt=\"\" \/>\t\t\t\t\t\t\t\t\t\t\t\t\t\t\t<\/div>\n\t\t\t\t<\/div>\n\t\t\t\t<div class=\"elementor-element elementor-element-81e567a elementor-widget elementor-widget-text-editor\" data-id=\"81e567a\" data-element_type=\"widget\" data-e-type=\"widget\" data-widget_type=\"text-editor.default\">\n\t\t\t\t<div class=\"elementor-widget-container\">\n\t\t\t\t\t\t\t\t\t<p>Grupo Tim\u00f3n is open to proposals and projects from companies that share our values and vision. <\/p>\n\t\t\t\t\t\t\t\t<\/div>\n\t\t\t\t<\/div>\n\t\t\t\t<div class=\"elementor-element elementor-element-09d2906 elementor-mobile-button-align-start elementor-hidden-desktop elementor-hidden-tablet elementor-hidden-mobile elementor-button-align-stretch elementor-widget elementor-widget-form\" data-id=\"09d2906\" data-element_type=\"widget\" data-e-type=\"widget\" data-settings=\"{&quot;step_next_label&quot;:&quot;Next&quot;,&quot;step_previous_label&quot;:&quot;Previous&quot;,&quot;button_width&quot;:&quot;100&quot;,&quot;step_type&quot;:&quot;number_text&quot;,&quot;step_icon_shape&quot;:&quot;circle&quot;}\" data-widget_type=\"form.default\">\n\t\t\t\t<div class=\"elementor-widget-container\">\n\t\t\t\t\t\t\t<form class=\"elementor-form\" method=\"post\" name=\"Contact Grupo Tim\u00f3n\" aria-label=\"Contact Grupo Tim\u00f3n\">\n\t\t\t<input type=\"hidden\" name=\"post_id\" value=\"1291\"\/>\n\t\t\t<input type=\"hidden\" name=\"form_id\" value=\"09d2906\"\/>\n\t\t\t<input type=\"hidden\" name=\"referer_title\" value=\"Grupo Tim\u00f3n\" \/>\n\n\t\t\t\n\t\t\t<div class=\"elementor-form-fields-wrapper elementor-labels-above\">\n\t\t\t\t\t\t\t\t<div class=\"elementor-field-type-text elementor-field-group elementor-column elementor-field-group-name elementor-col-100 elementor-field-required elementor-mark-required\">\n\t\t\t\t\t\t\t\t\t\t\t\t\t<input size=\"1\" type=\"text\" name=\"form_fields[name]\" id=\"form-field-name\" class=\"elementor-field elementor-size-sm  elementor-field-textual\" placeholder=\"Name\" value=\"Nombre y Apellidos\" required=\"required\">\n\t\t\t\t\t\t\t\t\t\t\t<\/div>\n\t\t\t\t\t\t\t\t<div class=\"elementor-field-type-email elementor-field-group elementor-column elementor-field-group-email elementor-col-100 elementor-field-required elementor-mark-required\">\n\t\t\t\t\t\t\t\t\t\t\t\t\t<input size=\"1\" type=\"email\" name=\"form_fields[email]\" id=\"form-field-email\" class=\"elementor-field elementor-size-sm  elementor-field-textual\" placeholder=\"Email\" value=\"eMail\" required=\"required\">\n\t\t\t\t\t\t\t\t\t\t\t<\/div>\n\t\t\t\t\t\t\t\t<div class=\"elementor-field-type-textarea elementor-field-group elementor-column elementor-field-group-message elementor-col-100\">\n\t\t\t\t\t<textarea class=\"elementor-field-textual elementor-field  elementor-size-sm\" name=\"form_fields[message]\" id=\"form-field-message\" rows=\"1\" placeholder=\"Message\">Sujeto<\/textarea>\t\t\t\t<\/div>\n\t\t\t\t\t\t\t\t<div class=\"elementor-field-type-textarea elementor-field-group elementor-column elementor-field-group-field_62025ac elementor-col-100\">\n\t\t\t\t\t<textarea class=\"elementor-field-textual elementor-field  elementor-size-sm\" name=\"form_fields[field_62025ac]\" id=\"form-field-field_62025ac\" rows=\"3\" placeholder=\"Message\">Mensaje<\/textarea>\t\t\t\t<\/div>\n\t\t\t\t\t\t\t\t<div class=\"elementor-field-type-acceptance elementor-field-group elementor-column elementor-field-group-field_aa9e157 elementor-col-100 elementor-field-required elementor-mark-required\">\n\t\t\t\t\t\t\t<div class=\"elementor-field-subgroup\">\n\t\t\t<span class=\"elementor-field-option\">\n\t\t\t\t<input type=\"checkbox\" name=\"form_fields[field_aa9e157]\" id=\"form-field-field_aa9e157\" class=\"elementor-field elementor-size-sm  elementor-acceptance-field\" required=\"required\">\n\t\t\t\t<label for=\"form-field-field_aa9e157\">I accept the Privacy Policy<\/label>\t\t\t<\/span>\n\t\t<\/div>\n\t\t\t\t\t\t<\/div>\n\t\t\t\t\t\t\t\t<div class=\"elementor-field-group elementor-column elementor-field-type-submit elementor-col-100 e-form__buttons\">\n\t\t\t\t\t<button class=\"elementor-button elementor-size-sm\" type=\"submit\">\n\t\t\t\t\t\t<span class=\"elementor-button-content-wrapper\">\n\t\t\t\t\t\t\t\t\t\t\t\t\t\t\t<span class=\"elementor-button-icon\">\n\t\t\t\t\t\t\t\t\t<svg aria-hidden=\"true\" class=\"e-font-icon-svg e-fas-chevron-right\" viewBox=\"0 0 320 512\" xmlns=\"http:\/\/www.w3.org\/2000\/svg\"><path d=\"M285.476 272.971L91.132 467.314c-9.373 9.373-24.569 9.373-33.941 0l-22.667-22.667c-9.357-9.357-9.375-24.522-.04-33.901L188.505 256 34.484 101.255c-9.335-9.379-9.317-24.544.04-33.901l22.667-22.667c9.373-9.373 24.569-9.373 33.941 0L285.475 239.03c9.373 9.372 9.373 24.568.001 33.941z\"><\/path><\/svg>\t\t\t\t\t\t\t\t\t\t\t\t\t\t\t\t\t<\/span>\n\t\t\t\t\t\t\t\t\t\t\t\t\t\t\t\t\t\t\t\t\t\t<span class=\"elementor-button-text\">Send<\/span>\n\t\t\t\t\t\t\t\t\t\t\t\t\t<\/span>\n\t\t\t\t\t<\/button>\n\t\t\t\t<\/div>\n\t\t\t<\/div>\n\t\t<\/form>\n\t\t\t\t\t\t<\/div>\n\t\t\t\t<\/div>\n\t\t\t\t<div class=\"elementor-element elementor-element-f4506bc e-transform elementor-hidden-desktop elementor-hidden-tablet elementor-widget elementor-widget-image\" data-id=\"f4506bc\" data-element_type=\"widget\" data-e-type=\"widget\" data-settings=\"{&quot;_transform_flipX_effect&quot;:&quot;transform&quot;}\" data-widget_type=\"image.default\">\n\t\t\t\t<div class=\"elementor-widget-container\">\n\t\t\t\t\t\t\t\t\t\t\t\t\t\t\t<img loading=\"lazy\" decoding=\"async\" width=\"800\" height=\"814\" src=\"https:\/\/grupotimon.com\/wp-content\/uploads\/2024\/05\/Contacto-shaped-image-1007x1024.png\" class=\"attachment-large size-large wp-image-1249\" alt=\"\" srcset=\"https:\/\/grupotimon.com\/wp-content\/uploads\/2024\/05\/Contacto-shaped-image-1007x1024.png 1007w, https:\/\/grupotimon.com\/wp-content\/uploads\/2024\/05\/Contacto-shaped-image-295x300.png 295w, https:\/\/grupotimon.com\/wp-content\/uploads\/2024\/05\/Contacto-shaped-image-768x781.png 768w, https:\/\/grupotimon.com\/wp-content\/uploads\/2024\/05\/Contacto-shaped-image.png 1275w\" sizes=\"(max-width: 800px) 100vw, 800px\" \/>\t\t\t\t\t\t\t\t\t\t\t\t\t\t\t<\/div>\n\t\t\t\t<\/div>\n\t\t\t\t<\/div>\n\t\t<div class=\"elementor-element elementor-element-171f606 e-con-full e-flex e-con e-child\" data-id=\"171f606\" data-element_type=\"container\" data-e-type=\"container\">\n\t\t\t\t<div class=\"elementor-element elementor-element-5bf57e9 elementor-widget elementor-widget-text-editor\" data-id=\"5bf57e9\" data-element_type=\"widget\" data-e-type=\"widget\" data-widget_type=\"text-editor.default\">\n\t\t\t\t<div class=\"elementor-widget-container\">\n\t\t\t\t\t\t\t\t\t<p>C. de M\u00e9ndez N\u00fa\u00f1ez, 17 Retiro, <br \/>28014 Madrid<\/p>\n\t\t\t\t\t\t\t\t<\/div>\n\t\t\t\t<\/div>\n\t\t\t\t<div class=\"elementor-element elementor-element-722bcfb elementor-widget elementor-widget-button\" data-id=\"722bcfb\" data-element_type=\"widget\" data-e-type=\"widget\" data-widget_type=\"button.default\">\n\t\t\t\t<div class=\"elementor-widget-container\">\n\t\t\t\t\t\t\t\t\t<div class=\"elementor-button-wrapper\">\n\t\t\t\t\t<a class=\"elementor-button elementor-button-link elementor-size-sm\" href=\"https:\/\/maps.app.goo.gl\/dEt5ycUn4p6off8H9\" target=\"_blank\" rel=\"nofollow\">\n\t\t\t\t\t\t<span class=\"elementor-button-content-wrapper\">\n\t\t\t\t\t\t<span class=\"elementor-button-icon\">\n\t\t\t\t<svg aria-hidden=\"true\" class=\"e-font-icon-svg e-fas-angle-right\" viewBox=\"0 0 256 512\" xmlns=\"http:\/\/www.w3.org\/2000\/svg\"><path d=\"M224.3 273l-136 136c-9.4 9.4-24.6 9.4-33.9 0l-22.6-22.6c-9.4-9.4-9.4-24.6 0-33.9l96.4-96.4-96.4-96.4c-9.4-9.4-9.4-24.6 0-33.9L54.3 103c9.4-9.4 24.6-9.4 33.9 0l136 136c9.5 9.4 9.5 24.6.1 34z\"><\/path><\/svg>\t\t\t<\/span>\n\t\t\t\t\t\t\t\t\t<span class=\"elementor-button-text\">See in Maps<\/span>\n\t\t\t\t\t<\/span>\n\t\t\t\t\t<\/a>\n\t\t\t\t<\/div>\n\t\t\t\t\t\t\t\t<\/div>\n\t\t\t\t<\/div>\n\t\t\t\t<div class=\"elementor-element elementor-element-fa0d082 elementor-widget elementor-widget-text-editor\" data-id=\"fa0d082\" data-element_type=\"widget\" data-e-type=\"widget\" data-widget_type=\"text-editor.default\">\n\t\t\t\t<div class=\"elementor-widget-container\">\n\t\t\t\t\t\t\t\t\t<p>info@grupotimon.com<\/p>\n\t\t\t\t\t\t\t\t<\/div>\n\t\t\t\t<\/div>\n\t\t\t\t<div class=\"elementor-element elementor-element-a2432cf elementor-widget elementor-widget-button\" data-id=\"a2432cf\" data-element_type=\"widget\" data-e-type=\"widget\" data-widget_type=\"button.default\">\n\t\t\t\t<div class=\"elementor-widget-container\">\n\t\t\t\t\t\t\t\t\t<div class=\"elementor-button-wrapper\">\n\t\t\t\t\t<a class=\"elementor-button elementor-button-link elementor-size-sm\" href=\"mailto:info@grupotimon.com\" target=\"_blank\">\n\t\t\t\t\t\t<span class=\"elementor-button-content-wrapper\">\n\t\t\t\t\t\t<span class=\"elementor-button-icon\">\n\t\t\t\t<svg aria-hidden=\"true\" class=\"e-font-icon-svg e-fas-angle-right\" viewBox=\"0 0 256 512\" xmlns=\"http:\/\/www.w3.org\/2000\/svg\"><path d=\"M224.3 273l-136 136c-9.4 9.4-24.6 9.4-33.9 0l-22.6-22.6c-9.4-9.4-9.4-24.6 0-33.9l96.4-96.4-96.4-96.4c-9.4-9.4-9.4-24.6 0-33.9L54.3 103c9.4-9.4 24.6-9.4 33.9 0l136 136c9.5 9.4 9.5 24.6.1 34z\"><\/path><\/svg>\t\t\t<\/span>\n\t\t\t\t\t\t\t\t\t<span class=\"elementor-button-text\">Send an email<\/span>\n\t\t\t\t\t<\/span>\n\t\t\t\t\t<\/a>\n\t\t\t\t<\/div>\n\t\t\t\t\t\t\t\t<\/div>\n\t\t\t\t<\/div>\n\t\t\t\t<div class=\"elementor-element elementor-element-263cdf8 elementor-widget elementor-widget-text-editor\" data-id=\"263cdf8\" data-element_type=\"widget\" data-e-type=\"widget\" data-widget_type=\"text-editor.default\">\n\t\t\t\t<div class=\"elementor-widget-container\">\n\t\t\t\t\t\t\t\t\t<p>+34 91 701 48 00<\/p>\n\t\t\t\t\t\t\t\t<\/div>\n\t\t\t\t<\/div>\n\t\t\t\t<div class=\"elementor-element elementor-element-2f3d319 elementor-widget elementor-widget-button\" data-id=\"2f3d319\" data-element_type=\"widget\" data-e-type=\"widget\" data-widget_type=\"button.default\">\n\t\t\t\t<div class=\"elementor-widget-container\">\n\t\t\t\t\t\t\t\t\t<div class=\"elementor-button-wrapper\">\n\t\t\t\t\t<a class=\"elementor-button elementor-button-link elementor-size-sm\" href=\"tel:0034917014800\">\n\t\t\t\t\t\t<span class=\"elementor-button-content-wrapper\">\n\t\t\t\t\t\t<span class=\"elementor-button-icon\">\n\t\t\t\t<svg aria-hidden=\"true\" class=\"e-font-icon-svg e-fas-angle-right\" viewBox=\"0 0 256 512\" xmlns=\"http:\/\/www.w3.org\/2000\/svg\"><path d=\"M224.3 273l-136 136c-9.4 9.4-24.6 9.4-33.9 0l-22.6-22.6c-9.4-9.4-9.4-24.6 0-33.9l96.4-96.4-96.4-96.4c-9.4-9.4-9.4-24.6 0-33.9L54.3 103c9.4-9.4 24.6-9.4 33.9 0l136 136c9.5 9.4 9.5 24.6.1 34z\"><\/path><\/svg>\t\t\t<\/span>\n\t\t\t\t\t\t\t\t\t<span class=\"elementor-button-text\">Call<\/span>\n\t\t\t\t\t<\/span>\n\t\t\t\t\t<\/a>\n\t\t\t\t<\/div>\n\t\t\t\t\t\t\t\t<\/div>\n\t\t\t\t<\/div>\n\t\t\t\t<\/div>\n\t\t\t\t<\/div>\n\t\t\t\t<\/div>\n\t\t","protected":false},"excerpt":{"rendered":"<p>Contact Grupo Tim\u00f3n is open to proposals and projects from companies that share our values and vision. C. de M\u00e9ndez N\u00fa\u00f1ez, 17 Retiro, 28014 Madrid See in Maps info@grupotimon.com Send an email +34 91 701 48 00 Call<\/p>\n","protected":false},"author":1,"featured_media":0,"parent":0,"menu_order":0,"comment_status":"closed","ping_status":"closed","template":"","meta":{"footnotes":""},"class_list":["post-1291","page","type-page","status-publish","hentry"],"yoast_head":"<!-- This site is optimized with the Yoast SEO plugin v24.3 - https:\/\/yoast.com\/wordpress\/plugins\/seo\/ -->\n<title>Contact - Grupo Tim\u00f3n<\/title>\n<meta name=\"robots\" content=\"index, follow, max-snippet:-1, max-image-preview:large, max-video-preview:-1\" \/>\n<link rel=\"canonical\" href=\"https:\/\/grupotimon.com\/contacto\/\" \/>\n<meta property=\"og:locale\" content=\"en_US\" \/>\n<meta property=\"og:type\" content=\"article\" \/>\n<meta property=\"og:title\" content=\"Contact - Grupo Tim\u00f3n\" \/>\n<meta property=\"og:description\" content=\"Contact Grupo Tim\u00f3n is open to proposals and projects from companies that share our values and vision. C. de M\u00e9ndez N\u00fa\u00f1ez, 17 Retiro, 28014 Madrid See in Maps info@grupotimon.com Send an email +34 91 701 48 00 Call\" \/>\n<meta property=\"og:url\" content=\"https:\/\/grupotimon.com\/contacto\/\" \/>\n<meta property=\"og:site_name\" content=\"Grupo Tim\u00f3n\" \/>\n<meta property=\"article:modified_time\" content=\"2025-01-21T15:28:04+00:00\" \/>\n<meta property=\"og:image\" content=\"https:\/\/grupotimon.com\/wp-content\/uploads\/2024\/05\/Contact-hero-image-1024x480.jpg\" \/>\n\t<meta property=\"og:image:width\" content=\"1024\" \/>\n\t<meta property=\"og:image:height\" content=\"480\" \/>\n\t<meta property=\"og:image:type\" content=\"image\/jpeg\" \/>\n<meta name=\"twitter:card\" content=\"summary_large_image\" \/>\n<meta name=\"twitter:label1\" content=\"Est. reading time\" \/>\n\t<meta name=\"twitter:data1\" content=\"1 minute\" \/>\n<script type=\"application\/ld+json\" class=\"yoast-schema-graph\">{\"@context\":\"https:\/\/schema.org\",\"@graph\":[{\"@type\":\"WebPage\",\"@id\":\"https:\/\/grupotimon.com\/contacto\/\",\"url\":\"https:\/\/grupotimon.com\/contacto\/\",\"name\":\"Contact - Grupo Tim\u00f3n\",\"isPartOf\":{\"@id\":\"https:\/\/grupotimon.com\/#website\"},\"primaryImageOfPage\":{\"@id\":\"https:\/\/grupotimon.com\/contacto\/#primaryimage\"},\"image\":{\"@id\":\"https:\/\/grupotimon.com\/contacto\/#primaryimage\"},\"thumbnailUrl\":\"https:\/\/grupotimon.com\/wp-content\/uploads\/2024\/05\/Contact-hero-image.jpg\",\"datePublished\":\"2024-05-20T16:20:29+00:00\",\"dateModified\":\"2025-01-21T15:28:04+00:00\",\"breadcrumb\":{\"@id\":\"https:\/\/grupotimon.com\/contacto\/#breadcrumb\"},\"inLanguage\":\"en-US\",\"potentialAction\":[{\"@type\":\"ReadAction\",\"target\":[\"https:\/\/grupotimon.com\/contacto\/\"]}]},{\"@type\":\"ImageObject\",\"inLanguage\":\"en-US\",\"@id\":\"https:\/\/grupotimon.com\/contacto\/#primaryimage\",\"url\":\"https:\/\/grupotimon.com\/wp-content\/uploads\/2024\/05\/Contact-hero-image.jpg\",\"contentUrl\":\"https:\/\/grupotimon.com\/wp-content\/uploads\/2024\/05\/Contact-hero-image.jpg\"},{\"@type\":\"BreadcrumbList\",\"@id\":\"https:\/\/grupotimon.com\/contacto\/#breadcrumb\",\"itemListElement\":[{\"@type\":\"ListItem\",\"position\":1,\"name\":\"Portada\",\"item\":\"https:\/\/grupotimon.com\/en\/\"},{\"@type\":\"ListItem\",\"position\":2,\"name\":\"Contact\"}]},{\"@type\":\"WebSite\",\"@id\":\"https:\/\/grupotimon.com\/#website\",\"url\":\"https:\/\/grupotimon.com\/\",\"name\":\"Grupo Tim\u00f3n\",\"description\":\"Family Office\",\"publisher\":{\"@id\":\"https:\/\/grupotimon.com\/#organization\"},\"potentialAction\":[{\"@type\":\"SearchAction\",\"target\":{\"@type\":\"EntryPoint\",\"urlTemplate\":\"https:\/\/grupotimon.com\/?s={search_term_string}\"},\"query-input\":{\"@type\":\"PropertyValueSpecification\",\"valueRequired\":true,\"valueName\":\"search_term_string\"}}],\"inLanguage\":\"en-US\"},{\"@type\":\"Organization\",\"@id\":\"https:\/\/grupotimon.com\/#organization\",\"name\":\"Grupo Tim\u00f3n\",\"url\":\"https:\/\/grupotimon.com\/\",\"logo\":{\"@type\":\"ImageObject\",\"inLanguage\":\"en-US\",\"@id\":\"https:\/\/grupotimon.com\/#\/schema\/logo\/image\/\",\"url\":\"https:\/\/grupotimon.com\/wp-content\/uploads\/2024\/03\/GT-imagotive-CMYK_positive.png\",\"contentUrl\":\"https:\/\/grupotimon.com\/wp-content\/uploads\/2024\/03\/GT-imagotive-CMYK_positive.png\",\"width\":2481,\"height\":1002,\"caption\":\"Grupo Tim\u00f3n\"},\"image\":{\"@id\":\"https:\/\/grupotimon.com\/#\/schema\/logo\/image\/\"}}]}<\/script>\n<!-- \/ Yoast SEO plugin. -->","yoast_head_json":{"title":"Contact - Grupo Tim\u00f3n","robots":{"index":"index","follow":"follow","max-snippet":"max-snippet:-1","max-image-preview":"max-image-preview:large","max-video-preview":"max-video-preview:-1"},"canonical":"https:\/\/grupotimon.com\/contacto\/","og_locale":"en_US","og_type":"article","og_title":"Contact - Grupo Tim\u00f3n","og_description":"Contact Grupo Tim\u00f3n is open to proposals and projects from companies that share our values and vision. C. de M\u00e9ndez N\u00fa\u00f1ez, 17 Retiro, 28014 Madrid See in Maps info@grupotimon.com Send an email +34 91 701 48 00 Call","og_url":"https:\/\/grupotimon.com\/contacto\/","og_site_name":"Grupo Tim\u00f3n","article_modified_time":"2025-01-21T15:28:04+00:00","og_image":[{"width":1024,"height":480,"url":"https:\/\/grupotimon.com\/wp-content\/uploads\/2024\/05\/Contact-hero-image-1024x480.jpg","type":"image\/jpeg"}],"twitter_card":"summary_large_image","twitter_misc":{"Est. reading time":"1 minute"},"schema":{"@context":"https:\/\/schema.org","@graph":[{"@type":"WebPage","@id":"https:\/\/grupotimon.com\/contacto\/","url":"https:\/\/grupotimon.com\/contacto\/","name":"Contact - Grupo Tim\u00f3n","isPartOf":{"@id":"https:\/\/grupotimon.com\/#website"},"primaryImageOfPage":{"@id":"https:\/\/grupotimon.com\/contacto\/#primaryimage"},"image":{"@id":"https:\/\/grupotimon.com\/contacto\/#primaryimage"},"thumbnailUrl":"https:\/\/grupotimon.com\/wp-content\/uploads\/2024\/05\/Contact-hero-image.jpg","datePublished":"2024-05-20T16:20:29+00:00","dateModified":"2025-01-21T15:28:04+00:00","breadcrumb":{"@id":"https:\/\/grupotimon.com\/contacto\/#breadcrumb"},"inLanguage":"en-US","potentialAction":[{"@type":"ReadAction","target":["https:\/\/grupotimon.com\/contacto\/"]}]},{"@type":"ImageObject","inLanguage":"en-US","@id":"https:\/\/grupotimon.com\/contacto\/#primaryimage","url":"https:\/\/grupotimon.com\/wp-content\/uploads\/2024\/05\/Contact-hero-image.jpg","contentUrl":"https:\/\/grupotimon.com\/wp-content\/uploads\/2024\/05\/Contact-hero-image.jpg"},{"@type":"BreadcrumbList","@id":"https:\/\/grupotimon.com\/contacto\/#breadcrumb","itemListElement":[{"@type":"ListItem","position":1,"name":"Portada","item":"https:\/\/grupotimon.com\/en\/"},{"@type":"ListItem","position":2,"name":"Contact"}]},{"@type":"WebSite","@id":"https:\/\/grupotimon.com\/#website","url":"https:\/\/grupotimon.com\/","name":"Grupo Tim\u00f3n","description":"Family Office","publisher":{"@id":"https:\/\/grupotimon.com\/#organization"},"potentialAction":[{"@type":"SearchAction","target":{"@type":"EntryPoint","urlTemplate":"https:\/\/grupotimon.com\/?s={search_term_string}"},"query-input":{"@type":"PropertyValueSpecification","valueRequired":true,"valueName":"search_term_string"}}],"inLanguage":"en-US"},{"@type":"Organization","@id":"https:\/\/grupotimon.com\/#organization","name":"Grupo Tim\u00f3n","url":"https:\/\/grupotimon.com\/","logo":{"@type":"ImageObject","inLanguage":"en-US","@id":"https:\/\/grupotimon.com\/#\/schema\/logo\/image\/","url":"https:\/\/grupotimon.com\/wp-content\/uploads\/2024\/03\/GT-imagotive-CMYK_positive.png","contentUrl":"https:\/\/grupotimon.com\/wp-content\/uploads\/2024\/03\/GT-imagotive-CMYK_positive.png","width":2481,"height":1002,"caption":"Grupo Tim\u00f3n"},"image":{"@id":"https:\/\/grupotimon.com\/#\/schema\/logo\/image\/"}}]}},"_links":{"self":[{"href":"https:\/\/grupotimon.com\/en\/wp-json\/wp\/v2\/pages\/1291","targetHints":{"allow":["GET"]}}],"collection":[{"href":"https:\/\/grupotimon.com\/en\/wp-json\/wp\/v2\/pages"}],"about":[{"href":"https:\/\/grupotimon.com\/en\/wp-json\/wp\/v2\/types\/page"}],"author":[{"embeddable":true,"href":"https:\/\/grupotimon.com\/en\/wp-json\/wp\/v2\/users\/1"}],"replies":[{"embeddable":true,"href":"https:\/\/grupotimon.com\/en\/wp-json\/wp\/v2\/comments?post=1291"}],"version-history":[{"count":13,"href":"https:\/\/grupotimon.com\/en\/wp-json\/wp\/v2\/pages\/1291\/revisions"}],"predecessor-version":[{"id":1565,"href":"https:\/\/grupotimon.com\/en\/wp-json\/wp\/v2\/pages\/1291\/revisions\/1565"}],"wp:attachment":[{"href":"https:\/\/grupotimon.com\/en\/wp-json\/wp\/v2\/media?parent=1291"}],"curies":[{"name":"wp","href":"https:\/\/api.w.org\/{rel}","templated":true}]}}