{"id":1329,"date":"2024-07-12T00:47:04","date_gmt":"2024-07-11T22:47:04","guid":{"rendered":"https:\/\/grupotimon.com\/?page_id=1329"},"modified":"2024-07-23T03:54:45","modified_gmt":"2024-07-23T01:54:45","slug":"legal-notice","status":"publish","type":"page","link":"https:\/\/grupotimon.com\/en\/legal-notice\/","title":{"rendered":"Legal Notice"},"content":{"rendered":"\t\t<div data-elementor-type=\"wp-page\" data-elementor-id=\"1329\" class=\"elementor elementor-1329 elementor-1328\" data-elementor-post-type=\"page\">\n\t\t\t\t<div class=\"elementor-element elementor-element-68e8eb0 e-flex e-con-boxed e-con e-parent\" data-id=\"68e8eb0\" data-element_type=\"container\" data-e-type=\"container\" data-settings=\"{&quot;background_background&quot;:&quot;classic&quot;}\">\n\t\t\t\t\t<div class=\"e-con-inner\">\n\t\t\t\t<div class=\"elementor-element elementor-element-4fc8087 elementor-widget elementor-widget-heading\" data-id=\"4fc8087\" data-element_type=\"widget\" data-e-type=\"widget\" data-widget_type=\"heading.default\">\n\t\t\t\t<div class=\"elementor-widget-container\">\n\t\t\t\t\t<h1 class=\"elementor-heading-title elementor-size-default\">Legal Notice<\/h1>\t\t\t\t<\/div>\n\t\t\t\t<\/div>\n\t\t\t\t<div class=\"elementor-element elementor-element-b2e246f elementor-widget-divider--view-line elementor-widget elementor-widget-divider\" data-id=\"b2e246f\" data-element_type=\"widget\" data-e-type=\"widget\" data-widget_type=\"divider.default\">\n\t\t\t\t<div class=\"elementor-widget-container\">\n\t\t\t\t\t\t\t<div class=\"elementor-divider\">\n\t\t\t<span class=\"elementor-divider-separator\">\n\t\t\t\t\t\t<\/span>\n\t\t<\/div>\n\t\t\t\t\t\t<\/div>\n\t\t\t\t<\/div>\n\t\t\t\t\t<\/div>\n\t\t\t\t<\/div>\n\t\t<div class=\"elementor-element elementor-element-ff473a8 e-flex e-con-boxed e-con e-parent\" data-id=\"ff473a8\" data-element_type=\"container\" data-e-type=\"container\">\n\t\t\t\t\t<div class=\"e-con-inner\">\n\t\t<div class=\"elementor-element elementor-element-2af16bf e-con-full e-flex e-con e-child\" data-id=\"2af16bf\" data-element_type=\"container\" data-e-type=\"container\">\n\t\t\t\t<div class=\"elementor-element elementor-element-9e23134 elementor-widget elementor-widget-image\" data-id=\"9e23134\" data-element_type=\"widget\" data-e-type=\"widget\" data-widget_type=\"image.default\">\n\t\t\t\t<div class=\"elementor-widget-container\">\n\t\t\t\t\t\t\t\t\t\t\t\t\t\t\t<img decoding=\"async\" width=\"167\" height=\"169\" src=\"https:\/\/grupotimon.com\/wp-content\/uploads\/2024\/05\/Chevron-Right-Grupo-Timon-Gris.svg\" class=\"attachment-large size-large wp-image-1234\" alt=\"\" \/>\t\t\t\t\t\t\t\t\t\t\t\t\t\t\t<\/div>\n\t\t\t\t<\/div>\n\t\t\t\t<div class=\"elementor-element elementor-element-6d10b23a elementor-widget elementor-widget-text-editor\" data-id=\"6d10b23a\" data-element_type=\"widget\" data-e-type=\"widget\" data-widget_type=\"text-editor.default\">\n\t\t\t\t<div class=\"elementor-widget-container\">\n\t\t\t\t\t\t\t\t\t<p><strong>TIM\u00d3N S.A.<\/strong>, owner of the website, hereinafter OWNER, puts the following document at the service of users, in compliance with Act 34\/2002, of 11 July, on Information Society Services and Electronic Commerce (LSSICE), and for the purposes of informing all users of the website of the conditions of use.<\/p>\n<\/p>\n<p>Any person accessing this website assumes the role of user, committing to the observance and strict compliance with the provisions herein, as well as any other legal provision that may be applicable. <\/p>\n<p><strong> <\/strong><\/p>\n<p><strong>TIM\u00d3N S.A.<\/strong> reserves the right to modify any type of information that may appear on the website, without any obligation to give prior notice or inform users of such obligations, being understood as sufficient their publication on the website.<\/p>\n<\/p>\n<p><strong>1.- IDENTIFICATION DATA<\/p>\n<p><\/strong><\/p>\n<\/p>\n<p>Company name: TIM\u00d3N S.A.<\/p>\n<p>NIF: A28305894<br \/>Address: M\u00e9ndez N\u00fa\u00f1ez 17, 28014 Madrid<\/p>\n<p>e-mail: info@grupotimon.com<\/p>\n<\/p>\n<ol start=\"2\">\n<li><strong> 2. PURPOSE<\/strong><\/li>\n<\/ol>\n<p>This Website offers Users the ability to access information about our services.<\/p>\n<ol start=\"3\">\n<li><strong> 3. INDUSTRIAL AND INTELLECTUAL PROPERTY<\/strong><\/li>\n<\/ol>\n<p>The User acknowledges and agrees that all content displayed on the Website and in particular, designs, text, images, logos, icons, buttons, software, trade names, trademarks, or any other objects that could be implemented in industrial and\/or commercial use are subject to intellectual property rights. Therefore, the User agrees not to reproduce, copy, distribute, make available or in any other way publicly communicate, transform or modify such content, and holding the company exempt from any claim arising from the breach of such obligations.<\/p>\n<ol start=\"4\">\n<li><strong> 4. OBLIGATIONS AND RESPONSIBILITIES OF THE WEBSITE USER<\/strong><\/li>\n<\/ol>\n<p>The User undertakes to:<\/p>\n<ol>\n<li>1. Make proper and lawful use of the Website as well as the contents and services, in accordance with:<\/li>\n<\/ol>\n<p>(i) the current legislation;<\/p>\n<p>(ii) the General Conditions of the Use of the Website;<\/p>\n<p>(iii) the generally accepted moral and best-practice customs and<\/p>\n<p>(iv) public order.<\/p>\n<\/p>\n<ol start=\"2\">\n<li>2. Provide all the means and technical requirements for accessing the Website.<\/li>\n<\/ol>\n<\/p>\n<ol start=\"5\">\n<li><strong> 5. RESOLUTION OF CONFLICTS. APPLICABLE LAW AND JURISDICTION<\/strong><\/li>\n<\/ol>\n<p>These General Conditions of Use, as well as the use of the Website, shall be governed by Spanish law. For the resolution of any dispute, the parties shall submit to the Courts and Tribunals of the city of Madrid.<\/p>\n\t\t\t\t\t\t\t\t<\/div>\n\t\t\t\t<\/div>\n\t\t\t\t<div class=\"elementor-element elementor-element-a37830d elementor-widget elementor-widget-image\" data-id=\"a37830d\" data-element_type=\"widget\" data-e-type=\"widget\" data-widget_type=\"image.default\">\n\t\t\t\t<div class=\"elementor-widget-container\">\n\t\t\t\t\t\t\t\t\t\t\t\t\t\t\t<img decoding=\"async\" width=\"167\" height=\"169\" src=\"https:\/\/grupotimon.com\/wp-content\/uploads\/2024\/05\/Chevron-Right-Grupo-Timon-Gris.svg\" class=\"attachment-large size-large wp-image-1234\" alt=\"\" \/>\t\t\t\t\t\t\t\t\t\t\t\t\t\t\t<\/div>\n\t\t\t\t<\/div>\n\t\t\t\t<\/div>\n\t\t\t\t\t<\/div>\n\t\t\t\t<\/div>\n\t\t<div class=\"elementor-element elementor-element-80ce18c e-con-full e-flex e-con e-parent\" data-id=\"80ce18c\" data-element_type=\"container\" data-e-type=\"container\">\n\t\t\t\t<div class=\"elementor-element elementor-element-3c4cac1 elementor-widget-divider--view-line elementor-widget elementor-widget-divider\" data-id=\"3c4cac1\" data-element_type=\"widget\" data-e-type=\"widget\" data-widget_type=\"divider.default\">\n\t\t\t\t<div class=\"elementor-widget-container\">\n\t\t\t\t\t\t\t<div class=\"elementor-divider\">\n\t\t\t<span class=\"elementor-divider-separator\">\n\t\t\t\t\t\t<\/span>\n\t\t<\/div>\n\t\t\t\t\t\t<\/div>\n\t\t\t\t<\/div>\n\t\t\t\t<\/div>\n\t\t\t\t<\/div>\n\t\t","protected":false},"excerpt":{"rendered":"<p>Legal Notice TIM\u00d3N S.A., owner of the website, hereinafter OWNER, puts the following document at the service of users, in compliance with Act 34\/2002, of 11 July, on Information Society Services and Electronic Commerce (LSSICE), and for the purposes of informing all users of the website of the conditions of use. Any person accessing this [&hellip;]<\/p>\n","protected":false},"author":1,"featured_media":0,"parent":0,"menu_order":0,"comment_status":"closed","ping_status":"closed","template":"","meta":{"footnotes":""},"class_list":["post-1329","page","type-page","status-publish","hentry"],"yoast_head":"<!-- This site is optimized with the Yoast SEO plugin v24.3 - https:\/\/yoast.com\/wordpress\/plugins\/seo\/ -->\n<title>Legal Notice - Grupo Tim\u00f3n<\/title>\n<meta name=\"robots\" content=\"index, follow, max-snippet:-1, max-image-preview:large, max-video-preview:-1\" \/>\n<link rel=\"canonical\" href=\"https:\/\/grupotimon.com\/en\/legal-notice\/\" \/>\n<meta property=\"og:locale\" content=\"en_US\" \/>\n<meta property=\"og:type\" content=\"article\" \/>\n<meta property=\"og:title\" content=\"Legal Notice - Grupo Tim\u00f3n\" \/>\n<meta property=\"og:description\" content=\"Legal Notice TIM\u00d3N S.A., owner of the website, hereinafter OWNER, puts the following document at the service of users, in compliance with Act 34\/2002, of 11 July, on Information Society Services and Electronic Commerce (LSSICE), and for the purposes of informing all users of the website of the conditions of use. Any person accessing this [&hellip;]\" \/>\n<meta property=\"og:url\" content=\"https:\/\/grupotimon.com\/en\/legal-notice\/\" \/>\n<meta property=\"og:site_name\" content=\"Grupo Tim\u00f3n\" \/>\n<meta property=\"article:modified_time\" content=\"2024-07-23T01:54:45+00:00\" \/>\n<meta property=\"og:image\" content=\"https:\/\/grupotimon.com\/wp-content\/uploads\/2024\/05\/Chevron-Right-Grupo-Timon-Gris.svg\" \/>\n<meta name=\"twitter:card\" content=\"summary_large_image\" \/>\n<meta name=\"twitter:label1\" content=\"Est. reading time\" \/>\n\t<meta name=\"twitter:data1\" content=\"2 minutes\" \/>\n<script type=\"application\/ld+json\" class=\"yoast-schema-graph\">{\"@context\":\"https:\/\/schema.org\",\"@graph\":[{\"@type\":\"WebPage\",\"@id\":\"https:\/\/grupotimon.com\/en\/legal-notice\/\",\"url\":\"https:\/\/grupotimon.com\/en\/legal-notice\/\",\"name\":\"Legal Notice - Grupo Tim\u00f3n\",\"isPartOf\":{\"@id\":\"https:\/\/grupotimon.com\/#website\"},\"primaryImageOfPage\":{\"@id\":\"https:\/\/grupotimon.com\/en\/legal-notice\/#primaryimage\"},\"image\":{\"@id\":\"https:\/\/grupotimon.com\/en\/legal-notice\/#primaryimage\"},\"thumbnailUrl\":\"https:\/\/grupotimon.com\/wp-content\/uploads\/2024\/05\/Chevron-Right-Grupo-Timon-Gris.svg\",\"datePublished\":\"2024-07-11T22:47:04+00:00\",\"dateModified\":\"2024-07-23T01:54:45+00:00\",\"breadcrumb\":{\"@id\":\"https:\/\/grupotimon.com\/en\/legal-notice\/#breadcrumb\"},\"inLanguage\":\"en-US\",\"potentialAction\":[{\"@type\":\"ReadAction\",\"target\":[\"https:\/\/grupotimon.com\/en\/legal-notice\/\"]}]},{\"@type\":\"ImageObject\",\"inLanguage\":\"en-US\",\"@id\":\"https:\/\/grupotimon.com\/en\/legal-notice\/#primaryimage\",\"url\":\"https:\/\/grupotimon.com\/wp-content\/uploads\/2024\/05\/Chevron-Right-Grupo-Timon-Gris.svg\",\"contentUrl\":\"https:\/\/grupotimon.com\/wp-content\/uploads\/2024\/05\/Chevron-Right-Grupo-Timon-Gris.svg\"},{\"@type\":\"BreadcrumbList\",\"@id\":\"https:\/\/grupotimon.com\/en\/legal-notice\/#breadcrumb\",\"itemListElement\":[{\"@type\":\"ListItem\",\"position\":1,\"name\":\"Portada\",\"item\":\"https:\/\/grupotimon.com\/en\/\"},{\"@type\":\"ListItem\",\"position\":2,\"name\":\"Legal Notice\"}]},{\"@type\":\"WebSite\",\"@id\":\"https:\/\/grupotimon.com\/#website\",\"url\":\"https:\/\/grupotimon.com\/\",\"name\":\"Grupo Tim\u00f3n\",\"description\":\"Family Office\",\"publisher\":{\"@id\":\"https:\/\/grupotimon.com\/#organization\"},\"potentialAction\":[{\"@type\":\"SearchAction\",\"target\":{\"@type\":\"EntryPoint\",\"urlTemplate\":\"https:\/\/grupotimon.com\/?s={search_term_string}\"},\"query-input\":{\"@type\":\"PropertyValueSpecification\",\"valueRequired\":true,\"valueName\":\"search_term_string\"}}],\"inLanguage\":\"en-US\"},{\"@type\":\"Organization\",\"@id\":\"https:\/\/grupotimon.com\/#organization\",\"name\":\"Grupo Tim\u00f3n\",\"url\":\"https:\/\/grupotimon.com\/\",\"logo\":{\"@type\":\"ImageObject\",\"inLanguage\":\"en-US\",\"@id\":\"https:\/\/grupotimon.com\/#\/schema\/logo\/image\/\",\"url\":\"https:\/\/grupotimon.com\/wp-content\/uploads\/2024\/03\/GT-imagotive-CMYK_positive.png\",\"contentUrl\":\"https:\/\/grupotimon.com\/wp-content\/uploads\/2024\/03\/GT-imagotive-CMYK_positive.png\",\"width\":2481,\"height\":1002,\"caption\":\"Grupo Tim\u00f3n\"},\"image\":{\"@id\":\"https:\/\/grupotimon.com\/#\/schema\/logo\/image\/\"}}]}<\/script>\n<!-- \/ Yoast SEO plugin. -->","yoast_head_json":{"title":"Legal Notice - Grupo Tim\u00f3n","robots":{"index":"index","follow":"follow","max-snippet":"max-snippet:-1","max-image-preview":"max-image-preview:large","max-video-preview":"max-video-preview:-1"},"canonical":"https:\/\/grupotimon.com\/en\/legal-notice\/","og_locale":"en_US","og_type":"article","og_title":"Legal Notice - Grupo Tim\u00f3n","og_description":"Legal Notice TIM\u00d3N S.A., owner of the website, hereinafter OWNER, puts the following document at the service of users, in compliance with Act 34\/2002, of 11 July, on Information Society Services and Electronic Commerce (LSSICE), and for the purposes of informing all users of the website of the conditions of use. Any person accessing this [&hellip;]","og_url":"https:\/\/grupotimon.com\/en\/legal-notice\/","og_site_name":"Grupo Tim\u00f3n","article_modified_time":"2024-07-23T01:54:45+00:00","og_image":[{"url":"https:\/\/grupotimon.com\/wp-content\/uploads\/2024\/05\/Chevron-Right-Grupo-Timon-Gris.svg","type":"","width":"","height":""}],"twitter_card":"summary_large_image","twitter_misc":{"Est. reading time":"2 minutes"},"schema":{"@context":"https:\/\/schema.org","@graph":[{"@type":"WebPage","@id":"https:\/\/grupotimon.com\/en\/legal-notice\/","url":"https:\/\/grupotimon.com\/en\/legal-notice\/","name":"Legal Notice - Grupo Tim\u00f3n","isPartOf":{"@id":"https:\/\/grupotimon.com\/#website"},"primaryImageOfPage":{"@id":"https:\/\/grupotimon.com\/en\/legal-notice\/#primaryimage"},"image":{"@id":"https:\/\/grupotimon.com\/en\/legal-notice\/#primaryimage"},"thumbnailUrl":"https:\/\/grupotimon.com\/wp-content\/uploads\/2024\/05\/Chevron-Right-Grupo-Timon-Gris.svg","datePublished":"2024-07-11T22:47:04+00:00","dateModified":"2024-07-23T01:54:45+00:00","breadcrumb":{"@id":"https:\/\/grupotimon.com\/en\/legal-notice\/#breadcrumb"},"inLanguage":"en-US","potentialAction":[{"@type":"ReadAction","target":["https:\/\/grupotimon.com\/en\/legal-notice\/"]}]},{"@type":"ImageObject","inLanguage":"en-US","@id":"https:\/\/grupotimon.com\/en\/legal-notice\/#primaryimage","url":"https:\/\/grupotimon.com\/wp-content\/uploads\/2024\/05\/Chevron-Right-Grupo-Timon-Gris.svg","contentUrl":"https:\/\/grupotimon.com\/wp-content\/uploads\/2024\/05\/Chevron-Right-Grupo-Timon-Gris.svg"},{"@type":"BreadcrumbList","@id":"https:\/\/grupotimon.com\/en\/legal-notice\/#breadcrumb","itemListElement":[{"@type":"ListItem","position":1,"name":"Portada","item":"https:\/\/grupotimon.com\/en\/"},{"@type":"ListItem","position":2,"name":"Legal Notice"}]},{"@type":"WebSite","@id":"https:\/\/grupotimon.com\/#website","url":"https:\/\/grupotimon.com\/","name":"Grupo Tim\u00f3n","description":"Family Office","publisher":{"@id":"https:\/\/grupotimon.com\/#organization"},"potentialAction":[{"@type":"SearchAction","target":{"@type":"EntryPoint","urlTemplate":"https:\/\/grupotimon.com\/?s={search_term_string}"},"query-input":{"@type":"PropertyValueSpecification","valueRequired":true,"valueName":"search_term_string"}}],"inLanguage":"en-US"},{"@type":"Organization","@id":"https:\/\/grupotimon.com\/#organization","name":"Grupo Tim\u00f3n","url":"https:\/\/grupotimon.com\/","logo":{"@type":"ImageObject","inLanguage":"en-US","@id":"https:\/\/grupotimon.com\/#\/schema\/logo\/image\/","url":"https:\/\/grupotimon.com\/wp-content\/uploads\/2024\/03\/GT-imagotive-CMYK_positive.png","contentUrl":"https:\/\/grupotimon.com\/wp-content\/uploads\/2024\/03\/GT-imagotive-CMYK_positive.png","width":2481,"height":1002,"caption":"Grupo Tim\u00f3n"},"image":{"@id":"https:\/\/grupotimon.com\/#\/schema\/logo\/image\/"}}]}},"_links":{"self":[{"href":"https:\/\/grupotimon.com\/en\/wp-json\/wp\/v2\/pages\/1329","targetHints":{"allow":["GET"]}}],"collection":[{"href":"https:\/\/grupotimon.com\/en\/wp-json\/wp\/v2\/pages"}],"about":[{"href":"https:\/\/grupotimon.com\/en\/wp-json\/wp\/v2\/types\/page"}],"author":[{"embeddable":true,"href":"https:\/\/grupotimon.com\/en\/wp-json\/wp\/v2\/users\/1"}],"replies":[{"embeddable":true,"href":"https:\/\/grupotimon.com\/en\/wp-json\/wp\/v2\/comments?post=1329"}],"version-history":[{"count":3,"href":"https:\/\/grupotimon.com\/en\/wp-json\/wp\/v2\/pages\/1329\/revisions"}],"predecessor-version":[{"id":1460,"href":"https:\/\/grupotimon.com\/en\/wp-json\/wp\/v2\/pages\/1329\/revisions\/1460"}],"wp:attachment":[{"href":"https:\/\/grupotimon.com\/en\/wp-json\/wp\/v2\/media?parent=1329"}],"curies":[{"name":"wp","href":"https:\/\/api.w.org\/{rel}","templated":true}]}}